{"id":3809,"date":"2023-08-08T10:48:01","date_gmt":"2023-08-08T10:48:01","guid":{"rendered":"https:\/\/wakaprint.com\/connettivita-api\/"},"modified":"2023-12-29T08:58:38","modified_gmt":"2023-12-29T08:58:38","slug":"connettivita-api","status":"publish","type":"page","link":"https:\/\/wakaprint.com\/it\/connettivita-api\/","title":{"rendered":"Integrazioni (API)"},"content":{"rendered":"<p><div class=\"fusion-fullwidth fullwidth-box fusion-builder-row-1 fusion-flex-container nonhundred-percent-fullwidth non-hundred-percent-height-scrolling\" style=\"--awb-border-radius-top-left:0px;--awb-border-radius-top-right:0px;--awb-border-radius-bottom-right:0px;--awb-border-radius-bottom-left:0px;--awb-padding-top:1.5vw;--awb-padding-right:5vw;--awb-padding-bottom:1.5vw;--awb-padding-left:5vw;--awb-padding-top-medium:0px;--awb-padding-bottom-medium:0px;--awb-margin-bottom:0px;--awb-margin-bottom-medium:60px;--awb-margin-bottom-small:48px;--awb-flex-wrap:wrap;\" ><div class=\"fusion-builder-row fusion-row fusion-flex-align-items-flex-start fusion-flex-content-wrap\" style=\"max-width:1310.4px;margin-left: calc(-4% \/ 2 );margin-right: calc(-4% \/ 2 );\"><div class=\"fusion-layout-column fusion_builder_column fusion-builder-column-0 fusion_builder_column_1_1 1_1 fusion-flex-column fusion-animated\" style=\"--awb-bg-size:cover;--awb-width-large:100%;--awb-margin-top-large:0px;--awb-spacing-right-large:1.92%;--awb-margin-bottom-large:20px;--awb-spacing-left-large:1.92%;--awb-width-medium:50%;--awb-order-medium:0;--awb-spacing-right-medium:3.84%;--awb-spacing-left-medium:3.84%;--awb-width-small:100%;--awb-order-small:0;--awb-spacing-right-small:1.92%;--awb-margin-bottom-small:20px;--awb-spacing-left-small:1.92%;\" data-animationType=\"fadeInDown\" data-animationDuration=\"1.3\" data-animationOffset=\"top-into-view\" data-scroll-devices=\"small-visibility,medium-visibility,large-visibility\"><div class=\"fusion-column-wrapper fusion-column-has-shadow fusion-flex-justify-content-center fusion-content-layout-column\"><div class=\"fusion-title title fusion-title-1 fusion-no-small-visibility fusion-no-medium-visibility fusion-sep-none fusion-title-rotating fusion-loop-on fusion-title-typeIn fusion-title-size-one\"><h1 class=\"fusion-title-heading title-heading-left\" style=\"margin:0;\"><span class=\"fusion-animated-text-prefix\">Possibilit\u00e0 di integrare Wakaprint con il tuo <\/span> <span class=\"fusion-animated-texts-wrapper\" style=\"color:var(--awb-color5);\" data-length=\"char\" data-minDisplayTime=\"600\"><span class=\"fusion-animated-texts\"><span data-in-effect=\"typeIn\" class=\"fusion-animated-text\" data-in-sequence=\"true\" data-out-reverse=\"true\" data-out-effect=\"typeOut\">ERP<\/span><span data-in-effect=\"typeIn\" class=\"fusion-animated-text\" data-in-sequence=\"true\" data-out-reverse=\"true\" data-out-effect=\"typeOut\">CRM<\/span><span data-in-effect=\"typeIn\" class=\"fusion-animated-text\" data-in-sequence=\"true\" data-out-reverse=\"true\" data-out-effect=\"typeOut\">SGA<\/span><span data-in-effect=\"typeIn\" class=\"fusion-animated-text\" data-in-sequence=\"true\" data-out-reverse=\"true\" data-out-effect=\"typeOut\">PM<\/span><\/span><\/span> <span class=\"fusion-animated-text-postfix\"><\/span><\/h1><\/div><div class=\"fusion-title title fusion-title-2 fusion-no-large-visibility fusion-sep-none fusion-title-text fusion-title-size-one\" style=\"--awb-font-size:50px;\"><h1 class=\"fusion-title-heading title-heading-left\" style=\"margin:0;font-size:1em;\">Integra Wakaprint con qualsiasi applicazione.<\/h1><\/div><div class=\"fusion-text fusion-text-1\" style=\"--awb-font-size:20px;--awb-margin-top:20px;\"><p>Wakaprint ti offre una potente API di connessione documentata con OPENAPI3.0 che consente di accedere a tutte le informazioni dell\u2019applicazione.<\/p>\n<\/div><div class=\"fusion-counters-box counters-box row fusion-clearfix fusion-columns-4\"><div class=\"fusion-counter-box fusion-column col-counter-box counter-box-wrapper col-lg-3 col-md-3 col-sm-3\" data-animationOffset=\"top-into-view\"><div class=\"counter-box-container\"><div class=\"content-box-percentage content-box-counter\"><span class=\"display-counter\" data-value=\"64\" data-direction=\"up\" data-decimals=\"0\">0<\/span><\/div><div class=\"counter-box-content\">Enti esposti<\/div><\/div><\/div><div class=\"fusion-counter-box fusion-column col-counter-box counter-box-wrapper col-lg-3 col-md-3 col-sm-3\" data-animationOffset=\"top-into-view\"><div class=\"counter-box-container\"><div class=\"content-box-percentage content-box-counter\"><span class=\"display-counter\" data-value=\"180\" data-direction=\"up\" data-decimals=\"0\">0<\/span><\/div><div class=\"counter-box-content\">Punti di connessione finali<\/div><\/div><\/div><\/div><\/div><\/div><div class=\"fusion-layout-column fusion_builder_column fusion-builder-column-1 fusion_builder_column_1_1 1_1 fusion-flex-column fusion-flex-align-self-center fusion-animated\" style=\"--awb-bg-size:cover;--awb-width-large:100%;--awb-margin-top-large:0px;--awb-spacing-right-large:30px;--awb-margin-bottom-large:65px;--awb-spacing-left-large:30px;--awb-width-medium:50%;--awb-order-medium:0;--awb-spacing-right-medium:30px;--awb-spacing-left-medium:30px;--awb-width-small:100%;--awb-order-small:0;--awb-spacing-right-small:1.92%;--awb-spacing-left-small:1.92%;\" data-animationType=\"fadeInDown\" data-animationDuration=\"1.3\" data-animationOffset=\"top-into-view\" data-scroll-devices=\"small-visibility,medium-visibility,large-visibility\"><div class=\"fusion-column-wrapper fusion-column-has-shadow fusion-flex-justify-content-center fusion-content-layout-column\"><div class=\"fusion-text fusion-text-2\" style=\"--awb-font-size:20px;\"><p><b>Connessione semplice. Nessuna conoscenza tecnica richiesta.<\/b><\/p>\n<p>Grazie a questa funzionalit\u00e0, \u00e8 possibile connettere facilmente l\u2019ERP, il CRM o altri strumenti di gestione dei processi. La nostra API \u00e8 documentata in OAS3 (Open API Standard v3) e dispone di una documentazione avanzata, non solo informativa, ma anche pratica, in modo da poter testare le richieste dell\u2019applicazione stessa e vedere le risposte ricevute.<\/p>\n<\/div><\/div><\/div><\/div><\/div><div class=\"fusion-fullwidth fullwidth-box fusion-builder-row-2 fusion-flex-container has-pattern-background has-mask-background nonhundred-percent-fullwidth non-hundred-percent-height-scrolling\" style=\"--awb-border-radius-top-left:0px;--awb-border-radius-top-right:0px;--awb-border-radius-bottom-right:0px;--awb-border-radius-bottom-left:0px;--awb-padding-top:64px;--awb-background-color:var(--awb-color5);--awb-flex-wrap:wrap;\" ><div class=\"fusion-builder-row fusion-row fusion-flex-align-items-flex-start fusion-flex-content-wrap\" style=\"max-width:1310.4px;margin-left: calc(-4% \/ 2 );margin-right: calc(-4% \/ 2 );\"><div class=\"fusion-layout-column fusion_builder_column fusion-builder-column-2 fusion_builder_column_1_1 1_1 fusion-flex-column\" style=\"--awb-bg-size:cover;--awb-width-large:100%;--awb-margin-top-large:0px;--awb-spacing-right-large:1.92%;--awb-margin-bottom-large:20px;--awb-spacing-left-large:1.92%;--awb-width-medium:100%;--awb-order-medium:0;--awb-spacing-right-medium:1.92%;--awb-spacing-left-medium:1.92%;--awb-width-small:100%;--awb-order-small:0;--awb-spacing-right-small:1.92%;--awb-spacing-left-small:1.92%;\"><div class=\"fusion-column-wrapper fusion-column-has-shadow fusion-flex-justify-content-flex-start fusion-content-layout-column\"><div class=\"fusion-title title fusion-title-3 fusion-sep-none fusion-title-center fusion-title-text fusion-title-size-one\" style=\"--awb-text-color:var(--awb-color1);\"><h1 class=\"fusion-title-heading title-heading-center\" style=\"margin:0;\">DOCUMENTAZIONE <b>DETTAGLIATA<\/b><\/p>\n<p>&nbsp;<\/h1><\/div><\/div><\/div><div class=\"fusion-layout-column fusion_builder_column fusion-builder-column-3 fusion_builder_column_2_3 2_3 fusion-flex-column\" style=\"--awb-bg-size:cover;--awb-width-large:66.666666666667%;--awb-margin-top-large:0px;--awb-spacing-right-large:2.88%;--awb-margin-bottom-large:20px;--awb-spacing-left-large:2.88%;--awb-width-medium:66.666666666667%;--awb-order-medium:0;--awb-spacing-right-medium:2.88%;--awb-spacing-left-medium:2.88%;--awb-width-small:100%;--awb-order-small:0;--awb-spacing-right-small:1.92%;--awb-spacing-left-small:1.92%;\"><div class=\"fusion-column-wrapper fusion-column-has-shadow fusion-flex-justify-content-flex-start fusion-content-layout-column\"><div class=\"fusion-image-element \" style=\"--awb-caption-title-font-family:var(--h2_typography-font-family);--awb-caption-title-font-weight:var(--h2_typography-font-weight);--awb-caption-title-font-style:var(--h2_typography-font-style);--awb-caption-title-size:var(--h2_typography-font-size);--awb-caption-title-transform:var(--h2_typography-text-transform);--awb-caption-title-line-height:var(--h2_typography-line-height);--awb-caption-title-letter-spacing:var(--h2_typography-letter-spacing);\"><span class=\" fusion-imageframe imageframe-none imageframe-1 hover-type-none\"><img decoding=\"async\" width=\"800\" height=\"461\" title=\"Captura de pantalla 2023-09-19 a las 23.08.07\" src=\"https:\/\/wakaprint.com\/wp-content\/uploads\/2023\/09\/Captura-de-pantalla-2023-09-19-a-las-23.08.07.png\" data-orig-src=\"https:\/\/wakaprint.com\/wp-content\/uploads\/2023\/09\/Captura-de-pantalla-2023-09-19-a-las-23.08.07-800x461.png\" alt class=\"lazyload img-responsive wp-image-3676\" srcset=\"data:image\/svg+xml,%3Csvg%20xmlns%3D%27http%3A%2F%2Fwww.w3.org%2F2000%2Fsvg%27%20width%3D%272800%27%20height%3D%271614%27%20viewBox%3D%270%200%202800%201614%27%3E%3Crect%20width%3D%272800%27%20height%3D%271614%27%20fill-opacity%3D%220%22%2F%3E%3C%2Fsvg%3E\" data-srcset=\"https:\/\/wakaprint.com\/wp-content\/uploads\/2023\/09\/Captura-de-pantalla-2023-09-19-a-las-23.08.07-200x115.png 200w, https:\/\/wakaprint.com\/wp-content\/uploads\/2023\/09\/Captura-de-pantalla-2023-09-19-a-las-23.08.07-400x231.png 400w, https:\/\/wakaprint.com\/wp-content\/uploads\/2023\/09\/Captura-de-pantalla-2023-09-19-a-las-23.08.07-600x346.png 600w, https:\/\/wakaprint.com\/wp-content\/uploads\/2023\/09\/Captura-de-pantalla-2023-09-19-a-las-23.08.07-800x461.png 800w, https:\/\/wakaprint.com\/wp-content\/uploads\/2023\/09\/Captura-de-pantalla-2023-09-19-a-las-23.08.07-1200x692.png 1200w\" data-sizes=\"auto\" data-orig-sizes=\"(max-width: 640px) 100vw, 1200px\" \/><\/span><\/div><\/div><\/div><div class=\"fusion-layout-column fusion_builder_column fusion-builder-column-4 fusion_builder_column_1_3 1_3 fusion-flex-column\" style=\"--awb-padding-top:1rem;--awb-padding-right:1rem;--awb-padding-bottom:1rem;--awb-padding-left:1rem;--awb-bg-color:var(--awb-color1);--awb-bg-color-hover:var(--awb-color1);--awb-bg-size:cover;--awb-width-large:33.333333333333%;--awb-margin-top-large:0px;--awb-spacing-right-large:5.76%;--awb-margin-bottom-large:20px;--awb-spacing-left-large:5.76%;--awb-width-medium:33.333333333333%;--awb-order-medium:0;--awb-spacing-right-medium:5.76%;--awb-spacing-left-medium:5.76%;--awb-width-small:100%;--awb-order-small:0;--awb-spacing-right-small:1.92%;--awb-spacing-left-small:1.92%;\"><div class=\"fusion-column-wrapper fusion-column-has-shadow fusion-flex-justify-content-flex-start fusion-content-layout-column\"><div class=\"fusion-text fusion-text-3\"><p>Scopri la potenza della connettivit\u00e0 senza limiti con la nostra API basata su OpenAPI 3.0. Questa specifica all\u2019avanguardia non solo facilita l\u2019integrazione rapida e sicura con altri sistemi, ma fornisce anche un\u2019elevata flessibilit\u00e0 e scalabilit\u00e0 che si adatta al ritmo della tua attivit\u00e0. E per assicurarti di ottenere il massimo da ogni funzionalit\u00e0, la documentazione creata con Swagger diventa la tua guida perfetta. Questo strumento di visualizzazione interattivo semplifica la comprensione e la verifica dell\u2019API come mai prima d\u2019ora. Naviga con sicurezza in un ambiente progettato per l\u2019efficienza e l\u2019innovazione, dove ogni riga di codice \u00e8 una porta verso nuove possibilit\u00e0.<\/p>\n<\/div><\/div><\/div><\/div><\/div><div class=\"fusion-fullwidth fullwidth-box fusion-builder-row-3 fusion-flex-container has-pattern-background has-mask-background nonhundred-percent-fullwidth non-hundred-percent-height-scrolling\" style=\"--awb-border-radius-top-left:0px;--awb-border-radius-top-right:0px;--awb-border-radius-bottom-right:0px;--awb-border-radius-bottom-left:0px;--awb-padding-top:50px;--awb-flex-wrap:wrap;\" ><div class=\"fusion-builder-row fusion-row fusion-flex-align-items-flex-start fusion-flex-content-wrap\" style=\"max-width:1310.4px;margin-left: calc(-4% \/ 2 );margin-right: calc(-4% \/ 2 );\"><div class=\"fusion-layout-column fusion_builder_column fusion-builder-column-5 fusion_builder_column_1_2 1_2 fusion-flex-column\" style=\"--awb-bg-size:cover;--awb-width-large:50%;--awb-margin-top-large:0px;--awb-spacing-right-large:3.84%;--awb-margin-bottom-large:20px;--awb-spacing-left-large:3.84%;--awb-width-medium:50%;--awb-order-medium:0;--awb-spacing-right-medium:3.84%;--awb-spacing-left-medium:3.84%;--awb-width-small:100%;--awb-order-small:0;--awb-spacing-right-small:1.92%;--awb-spacing-left-small:1.92%;\"><div class=\"fusion-column-wrapper fusion-column-has-shadow fusion-flex-justify-content-flex-start fusion-content-layout-column\"><div class=\"fusion-image-element \" style=\"text-align:center;--awb-mask-url: url(https:\/\/wakaprint.com\/wp-content\/plugins\/fusion-builder\/\/assets\/images\/masks\/mask-3.svg);--awb-max-width:300px;--awb-caption-title-font-family:var(--h2_typography-font-family);--awb-caption-title-font-weight:var(--h2_typography-font-weight);--awb-caption-title-font-style:var(--h2_typography-font-style);--awb-caption-title-size:var(--h2_typography-font-size);--awb-caption-title-transform:var(--h2_typography-text-transform);--awb-caption-title-line-height:var(--h2_typography-line-height);--awb-caption-title-letter-spacing:var(--h2_typography-letter-spacing);\"><span class=\" fusion-imageframe imageframe-none imageframe-2 hover-type-none has-mask\"><img decoding=\"async\" width=\"800\" height=\"829\" title=\"Captura de pantalla 2023-09-19 a las 23.07.53\" src=\"https:\/\/wakaprint.com\/wp-content\/uploads\/2023\/09\/Captura-de-pantalla-2023-09-19-a-las-23.07.53.png\" data-orig-src=\"https:\/\/wakaprint.com\/wp-content\/uploads\/2023\/09\/Captura-de-pantalla-2023-09-19-a-las-23.07.53-800x829.png\" alt class=\"lazyload img-responsive wp-image-3678\" srcset=\"data:image\/svg+xml,%3Csvg%20xmlns%3D%27http%3A%2F%2Fwww.w3.org%2F2000%2Fsvg%27%20width%3D%271166%27%20height%3D%271208%27%20viewBox%3D%270%200%201166%201208%27%3E%3Crect%20width%3D%271166%27%20height%3D%271208%27%20fill-opacity%3D%220%22%2F%3E%3C%2Fsvg%3E\" data-srcset=\"https:\/\/wakaprint.com\/wp-content\/uploads\/2023\/09\/Captura-de-pantalla-2023-09-19-a-las-23.07.53-200x207.png 200w, https:\/\/wakaprint.com\/wp-content\/uploads\/2023\/09\/Captura-de-pantalla-2023-09-19-a-las-23.07.53-400x414.png 400w, https:\/\/wakaprint.com\/wp-content\/uploads\/2023\/09\/Captura-de-pantalla-2023-09-19-a-las-23.07.53-600x622.png 600w, https:\/\/wakaprint.com\/wp-content\/uploads\/2023\/09\/Captura-de-pantalla-2023-09-19-a-las-23.07.53-800x829.png 800w, https:\/\/wakaprint.com\/wp-content\/uploads\/2023\/09\/Captura-de-pantalla-2023-09-19-a-las-23.07.53.png 1166w\" data-sizes=\"auto\" data-orig-sizes=\"(max-width: 640px) 100vw, 600px\" \/><\/span><\/div><\/div><\/div><div class=\"fusion-layout-column fusion_builder_column fusion-builder-column-6 fusion_builder_column_1_2 1_2 fusion-flex-column\" style=\"--awb-bg-size:cover;--awb-width-large:50%;--awb-margin-top-large:0px;--awb-spacing-right-large:3.84%;--awb-margin-bottom-large:20px;--awb-spacing-left-large:3.84%;--awb-width-medium:50%;--awb-order-medium:0;--awb-spacing-right-medium:3.84%;--awb-spacing-left-medium:3.84%;--awb-width-small:100%;--awb-order-small:0;--awb-spacing-right-small:1.92%;--awb-spacing-left-small:1.92%;\"><div class=\"fusion-column-wrapper fusion-column-has-shadow fusion-flex-justify-content-flex-start fusion-content-layout-column\"><div class=\"fusion-text fusion-text-4\"><p>Documentato nella misura in cui si dispone di una struttura di esempio di tutte le risposte che si riceveranno, oltre a un documento per ogni ente con la specifica dei campi che possiede.<\/p>\n<\/div><\/div><\/div><\/div><\/div><\/p>\n","protected":false},"excerpt":{"rendered":"","protected":false},"author":3,"featured_media":0,"parent":0,"menu_order":0,"comment_status":"closed","ping_status":"closed","template":"100-width.php","meta":{"footnotes":""},"class_list":["post-3809","page","type-page","status-publish","hentry"],"yoast_head":"<!-- This site is optimized with the Yoast SEO plugin v22.9 - https:\/\/yoast.com\/wordpress\/plugins\/seo\/ -->\n<title>Integrazioni (API) - Wakaprint<\/title>\n<meta name=\"robots\" content=\"index, follow, max-snippet:-1, max-image-preview:large, max-video-preview:-1\" \/>\n<link rel=\"canonical\" href=\"https:\/\/wakaprint.com\/it\/connettivita-api\/\" \/>\n<meta property=\"og:locale\" content=\"it_IT\" \/>\n<meta property=\"og:type\" content=\"article\" \/>\n<meta property=\"og:title\" content=\"Integrazioni (API) - Wakaprint\" \/>\n<meta property=\"og:url\" content=\"https:\/\/wakaprint.com\/it\/connettivita-api\/\" \/>\n<meta property=\"og:site_name\" content=\"Wakaprint\" \/>\n<meta property=\"article:modified_time\" content=\"2023-12-29T08:58:38+00:00\" \/>\n<meta name=\"twitter:card\" content=\"summary_large_image\" \/>\n<meta name=\"twitter:label1\" content=\"Tempo di lettura stimato\" \/>\n\t<meta name=\"twitter:data1\" content=\"18 minuti\" \/>\n<script type=\"application\/ld+json\" class=\"yoast-schema-graph\">{\"@context\":\"https:\/\/schema.org\",\"@graph\":[{\"@type\":\"WebPage\",\"@id\":\"https:\/\/wakaprint.com\/it\/connettivita-api\/\",\"url\":\"https:\/\/wakaprint.com\/it\/connettivita-api\/\",\"name\":\"Integrazioni (API) - Wakaprint\",\"isPartOf\":{\"@id\":\"https:\/\/wakaprint.com\/#website\"},\"datePublished\":\"2023-08-08T10:48:01+00:00\",\"dateModified\":\"2023-12-29T08:58:38+00:00\",\"breadcrumb\":{\"@id\":\"https:\/\/wakaprint.com\/it\/connettivita-api\/#breadcrumb\"},\"inLanguage\":\"it-IT\",\"potentialAction\":[{\"@type\":\"ReadAction\",\"target\":[\"https:\/\/wakaprint.com\/it\/connettivita-api\/\"]}]},{\"@type\":\"BreadcrumbList\",\"@id\":\"https:\/\/wakaprint.com\/it\/connettivita-api\/#breadcrumb\",\"itemListElement\":[{\"@type\":\"ListItem\",\"position\":1,\"name\":\"Portada\",\"item\":\"https:\/\/wakaprint.com\/it\/home\/\"},{\"@type\":\"ListItem\",\"position\":2,\"name\":\"Integrazioni (API)\"}]},{\"@type\":\"WebSite\",\"@id\":\"https:\/\/wakaprint.com\/#website\",\"url\":\"https:\/\/wakaprint.com\/\",\"name\":\"Wakaprint\",\"description\":\"La tienda online para productos a medida.\",\"potentialAction\":[{\"@type\":\"SearchAction\",\"target\":{\"@type\":\"EntryPoint\",\"urlTemplate\":\"https:\/\/wakaprint.com\/?s={search_term_string}\"},\"query-input\":\"required name=search_term_string\"}],\"inLanguage\":\"it-IT\"}]}<\/script>\n<!-- \/ Yoast SEO plugin. -->","yoast_head_json":{"title":"Integrazioni (API) - Wakaprint","robots":{"index":"index","follow":"follow","max-snippet":"max-snippet:-1","max-image-preview":"max-image-preview:large","max-video-preview":"max-video-preview:-1"},"canonical":"https:\/\/wakaprint.com\/it\/connettivita-api\/","og_locale":"it_IT","og_type":"article","og_title":"Integrazioni (API) - Wakaprint","og_url":"https:\/\/wakaprint.com\/it\/connettivita-api\/","og_site_name":"Wakaprint","article_modified_time":"2023-12-29T08:58:38+00:00","twitter_card":"summary_large_image","twitter_misc":{"Tempo di lettura stimato":"18 minuti"},"schema":{"@context":"https:\/\/schema.org","@graph":[{"@type":"WebPage","@id":"https:\/\/wakaprint.com\/it\/connettivita-api\/","url":"https:\/\/wakaprint.com\/it\/connettivita-api\/","name":"Integrazioni (API) - Wakaprint","isPartOf":{"@id":"https:\/\/wakaprint.com\/#website"},"datePublished":"2023-08-08T10:48:01+00:00","dateModified":"2023-12-29T08:58:38+00:00","breadcrumb":{"@id":"https:\/\/wakaprint.com\/it\/connettivita-api\/#breadcrumb"},"inLanguage":"it-IT","potentialAction":[{"@type":"ReadAction","target":["https:\/\/wakaprint.com\/it\/connettivita-api\/"]}]},{"@type":"BreadcrumbList","@id":"https:\/\/wakaprint.com\/it\/connettivita-api\/#breadcrumb","itemListElement":[{"@type":"ListItem","position":1,"name":"Portada","item":"https:\/\/wakaprint.com\/it\/home\/"},{"@type":"ListItem","position":2,"name":"Integrazioni (API)"}]},{"@type":"WebSite","@id":"https:\/\/wakaprint.com\/#website","url":"https:\/\/wakaprint.com\/","name":"Wakaprint","description":"La tienda online para productos a medida.","potentialAction":[{"@type":"SearchAction","target":{"@type":"EntryPoint","urlTemplate":"https:\/\/wakaprint.com\/?s={search_term_string}"},"query-input":"required name=search_term_string"}],"inLanguage":"it-IT"}]}},"_links":{"self":[{"href":"https:\/\/wakaprint.com\/it\/wp-json\/wp\/v2\/pages\/3809","targetHints":{"allow":["GET"]}}],"collection":[{"href":"https:\/\/wakaprint.com\/it\/wp-json\/wp\/v2\/pages"}],"about":[{"href":"https:\/\/wakaprint.com\/it\/wp-json\/wp\/v2\/types\/page"}],"author":[{"embeddable":true,"href":"https:\/\/wakaprint.com\/it\/wp-json\/wp\/v2\/users\/3"}],"replies":[{"embeddable":true,"href":"https:\/\/wakaprint.com\/it\/wp-json\/wp\/v2\/comments?post=3809"}],"version-history":[{"count":11,"href":"https:\/\/wakaprint.com\/it\/wp-json\/wp\/v2\/pages\/3809\/revisions"}],"predecessor-version":[{"id":4031,"href":"https:\/\/wakaprint.com\/it\/wp-json\/wp\/v2\/pages\/3809\/revisions\/4031"}],"wp:attachment":[{"href":"https:\/\/wakaprint.com\/it\/wp-json\/wp\/v2\/media?parent=3809"}],"curies":[{"name":"wp","href":"https:\/\/api.w.org\/{rel}","templated":true}]}}